{"id":24369,"date":"2020-10-22T09:35:11","date_gmt":"2020-10-22T09:35:11","guid":{"rendered":"https:\/\/fortunacondominal.com\/index.php\/contact\/"},"modified":"2023-12-05T23:43:32","modified_gmt":"2023-12-05T23:43:32","slug":"contact","status":"publish","type":"page","link":"https:\/\/fortunacondominal.com\/index.php\/contact\/","title":{"rendered":"CONTACTO"},"content":{"rendered":"\n<div class=\"wp-block-uagb-container uagb-block-cdda309b alignfull uagb-is-root-container\"><div class=\"uagb-container-inner-blocks-wrap\">\n<div class=\"wp-block-uagb-container uagb-block-32a5f854\">\n<h4 class=\"wp-block-heading\">CONTACTO<\/h4>\n\n\n\n<h4 class=\"wp-block-heading\">\u00bfTienes alguna duda o requieres una cotizaci\u00f3n?<\/h4>\n\n\n\n<div class=\"wp-block-uagb-advanced-heading uagb-block-501f88d4\"><h4 class=\"uagb-heading-text\">Atenci\u00f3n telef\u00f3nica <\/h4><p class=\"uagb-desc-text\">+(52) 2215 63 64 41<br>+(52) 2221 44 41 99<br><br>ventas@fortunacondominal.com<br>contacto@fortunacondominal.com<\/p><\/div>\n\n\n\n<p>Vis\u00edtanos en:<\/p>\n\n\n\n<iframe src=\"https:\/\/www.google.com\/maps\/embed?pb=!1m18!1m12!1m3!1d3771.590801927941!2d-98.20333972566718!3d19.03774475317415!2m3!1f0!2f0!3f0!3m2!1i1024!2i768!4f13.1!3m3!1m2!1s0x85cfc0c25d558d41%3A0xe4949e04f73ab076!2sAv%2017%20Ote%2016%2C%20El%20Carmen%2C%2072530%20Heroica%20Puebla%20de%20Zaragoza%2C%20Pue.!5e0!3m2!1ses!2smx!4v1701818874886!5m2!1ses!2smx\" width=\"600\" height=\"450\" style=\"border:0;\" allowfullscreen=\"\" loading=\"lazy\" referrerpolicy=\"no-referrer-when-downgrade\"><\/iframe>\n\n\n\n<p><\/p>\n\n\n\n<div class=\"wp-block-uagb-container uagb-block-e2fd0cc9\">\n<p><\/p>\n<\/div>\n<\/div>\n\n\n\n<div class=\"wp-block-uagb-container uagb-block-a5205c7a\">\n<div class=\"wp-block-uagb-advanced-heading uagb-block-206d1b90\"><h4 class=\"uagb-heading-text\">Env\u00edanos un mensaje <\/h4><\/div>\n\n\n<div class=\"wpforms-container wpforms-block wpforms-block-79c44caf-395d-4596-afd0-9a39e999acb8\" id=\"wpforms-32\"><form id=\"wpforms-form-32\" class=\"wpforms-validate wpforms-form\" data-formid=\"32\" method=\"post\" enctype=\"multipart\/form-data\" action=\"\/index.php\/wp-json\/wp\/v2\/pages\/24369\" data-token=\"75789307c29ec503a1829fd2d4937345\"><noscript class=\"wpforms-error-noscript\">Por favor, activa JavaScript en tu navegador para completar este formulario.<\/noscript><div class=\"wpforms-field-container\"><div id=\"wpforms-32-field_0-container\" class=\"wpforms-field wpforms-field-name\" data-field-id=\"0\"><label class=\"wpforms-field-label wpforms-label-hide\" for=\"wpforms-32-field_0\">Name <span class=\"wpforms-required-label\">*<\/span><\/label><input type=\"text\" id=\"wpforms-32-field_0\" class=\"wpforms-field-large wpforms-field-required\" name=\"wpforms[fields][0]\" placeholder=\"Name\" required><\/div><div id=\"wpforms-32-field_1-container\" class=\"wpforms-field wpforms-field-email\" data-field-id=\"1\"><label class=\"wpforms-field-label wpforms-label-hide\" for=\"wpforms-32-field_1\">Email <span class=\"wpforms-required-label\">*<\/span><\/label><input type=\"email\" id=\"wpforms-32-field_1\" class=\"wpforms-field-large wpforms-field-required\" name=\"wpforms[fields][1]\" placeholder=\"Email Address\" spellcheck=\"false\" required><\/div><div id=\"wpforms-32-field_3-container\" class=\"wpforms-field wpforms-field-text\" data-field-id=\"3\"><label class=\"wpforms-field-label wpforms-label-hide\" for=\"wpforms-32-field_3\">Subject <span class=\"wpforms-required-label\">*<\/span><\/label><input type=\"text\" id=\"wpforms-32-field_3\" class=\"wpforms-field-large wpforms-field-required\" name=\"wpforms[fields][3]\" placeholder=\"Subject\" required><\/div><div id=\"wpforms-32-field_2-container\" class=\"wpforms-field wpforms-field-textarea\" data-field-id=\"2\"><label class=\"wpforms-field-label wpforms-label-hide\" for=\"wpforms-32-field_2\">Message <span class=\"wpforms-required-label\">*<\/span><\/label><textarea id=\"wpforms-32-field_2\" class=\"wpforms-field-medium wpforms-field-required\" name=\"wpforms[fields][2]\" placeholder=\"Your Message\" required><\/textarea><\/div><\/div><!-- .wpforms-field-container --><div class=\"wpforms-submit-container\" ><input type=\"hidden\" name=\"wpforms[id]\" value=\"32\"><input type=\"hidden\" name=\"wpforms[author]\" value=\"1\"><button type=\"submit\" name=\"wpforms[submit]\" id=\"wpforms-submit-32\" class=\"wpforms-submit\" data-alt-text=\"Sending...\" data-submit-text=\"Send Message\" aria-live=\"assertive\" value=\"wpforms-submit\">Send Message<\/button><\/div><\/form><\/div>  <!-- .wpforms-container --><\/div>\n<\/div><\/div>\n","protected":false},"excerpt":{"rendered":"<p>CONTACTO \u00bfTienes alguna duda o requieres una cotizaci\u00f3n? Atenci\u00f3n telef\u00f3nica +(52) 2215 63 64 41+(52) 2221 44 41 99 ventas@fortunacondominal.comcontacto@fortunacondominal.com Vis\u00edtanos en: Env\u00edanos un mensaje<\/p>\n","protected":false},"author":1,"featured_media":0,"parent":0,"menu_order":0,"comment_status":"closed","ping_status":"closed","template":"","meta":{"_uag_custom_page_level_css":"","_monsterinsights_skip_tracking":false,"_monsterinsights_sitenote_active":false,"_monsterinsights_sitenote_note":"","_monsterinsights_sitenote_category":0,"site-sidebar-layout":"default","site-content-layout":"plain-container","ast-global-header-display":"","ast-banner-title-visibility":"","ast-main-header-display":"","ast-hfb-above-header-display":"","ast-hfb-below-header-display":"","ast-hfb-mobile-header-display":"","site-post-title":"disabled","ast-breadcrumbs-content":"","ast-featured-img":"","footer-sml-layout":"","theme-transparent-header-meta":"default","adv-header-id-meta":"","stick-header-meta":"","header-above-stick-meta":"","header-main-stick-meta":"","header-below-stick-meta":""},"aioseo_notices":[],"uagb_featured_image_src":{"full":false,"thumbnail":false,"medium":false,"medium_large":false,"large":false,"1536x1536":false,"2048x2048":false},"uagb_author_info":{"display_name":"fortunacondominal.com","author_link":"https:\/\/fortunacondominal.com\/index.php\/author\/fortunacondominal-com\/"},"uagb_comment_info":0,"uagb_excerpt":"CONTACTO \u00bfTienes alguna duda o requieres una cotizaci\u00f3n? Atenci\u00f3n telef\u00f3nica +(52) 2215 63 64 41+(52) 2221 44 41 99 ventas@fortunacondominal.comcontacto@fortunacondominal.com Vis\u00edtanos en: Env\u00edanos un mensaje","_links":{"self":[{"href":"https:\/\/fortunacondominal.com\/index.php\/wp-json\/wp\/v2\/pages\/24369"}],"collection":[{"href":"https:\/\/fortunacondominal.com\/index.php\/wp-json\/wp\/v2\/pages"}],"about":[{"href":"https:\/\/fortunacondominal.com\/index.php\/wp-json\/wp\/v2\/types\/page"}],"author":[{"embeddable":true,"href":"https:\/\/fortunacondominal.com\/index.php\/wp-json\/wp\/v2\/users\/1"}],"replies":[{"embeddable":true,"href":"https:\/\/fortunacondominal.com\/index.php\/wp-json\/wp\/v2\/comments?post=24369"}],"version-history":[{"count":10,"href":"https:\/\/fortunacondominal.com\/index.php\/wp-json\/wp\/v2\/pages\/24369\/revisions"}],"predecessor-version":[{"id":26045,"href":"https:\/\/fortunacondominal.com\/index.php\/wp-json\/wp\/v2\/pages\/24369\/revisions\/26045"}],"wp:attachment":[{"href":"https:\/\/fortunacondominal.com\/index.php\/wp-json\/wp\/v2\/media?parent=24369"}],"curies":[{"name":"wp","href":"https:\/\/api.w.org\/{rel}","templated":true}]}}