{"id":24368,"date":"2020-10-22T09:35:11","date_gmt":"2020-10-22T09:35:11","guid":{"rendered":"https:\/\/fortunacondominal.com\/index.php\/about\/"},"modified":"2026-02-26T17:08:49","modified_gmt":"2026-02-26T17:08:49","slug":"about","status":"publish","type":"page","link":"https:\/\/fortunacondominal.com\/index.php\/about\/","title":{"rendered":"ADMINISTRACI\u00d3N DE CONDOMINIOS"},"content":{"rendered":"\n<div data-aos= \"fade-down\" data-aos-duration=\"400\" data-aos-delay=\"0\" data-aos-easing=\"ease\" data-aos-once=\"true\" class=\"wp-block-uagb-container uagb-block-68dbb820 alignfull uagb-is-root-container\"><div class=\"uagb-container-inner-blocks-wrap\">\n<div class=\"wp-block-columns is-layout-flex wp-container-3\">\n<div class=\"wp-block-column is-vertically-aligned-center is-layout-flow\" style=\"flex-basis:66.66%\">\n<div class=\"wp-block-uagb-advanced-heading uagb-block-15a6e2d6\"><h2 class=\"uagb-heading-text\">ADMINISTRACI\u00d3N DE CONDOMINIOS<\/h2><\/div>\n<\/div>\n\n\n\n<div class=\"wp-block-column is-layout-flow\" style=\"flex-basis:33.33%\">\n<figure class=\"wp-block-image size-large\"><img decoding=\"async\" loading=\"lazy\" width=\"1024\" height=\"640\" src=\"https:\/\/fortunacondominal.com\/wp-content\/uploads\/2023\/07\/LOGO-FORTUNA-23-4-1024x640.png\" alt=\"\" class=\"wp-image-25759\" srcset=\"https:\/\/fortunacondominal.com\/wp-content\/uploads\/2023\/07\/LOGO-FORTUNA-23-4-1024x640.png 1024w, https:\/\/fortunacondominal.com\/wp-content\/uploads\/2023\/07\/LOGO-FORTUNA-23-4-300x188.png 300w, https:\/\/fortunacondominal.com\/wp-content\/uploads\/2023\/07\/LOGO-FORTUNA-23-4-768x480.png 768w, https:\/\/fortunacondominal.com\/wp-content\/uploads\/2023\/07\/LOGO-FORTUNA-23-4.png 1280w\" sizes=\"(max-width: 1024px) 100vw, 1024px\" \/><\/figure>\n<\/div>\n<\/div>\n<\/div><\/div>\n\n\n\n<div class=\"wp-block-uagb-container uagb-block-f3356576 alignfull uagb-is-root-container\"><div class=\"uagb-container-inner-blocks-wrap\">\n<div class=\"wp-block-uagb-container uagb-block-3541add3\">\n<div class=\"wp-block-columns is-layout-flex wp-container-5\">\n<div class=\"wp-block-column is-layout-flow\" style=\"flex-basis:100%\">\n<div class=\"wp-block-uagb-container uagb-block-35b76ffe\">\n<div class=\"wp-block-uagb-advanced-heading uagb-block-cb1f5f46\"><h2 class=\"uagb-heading-text\">ATENCI\u00d3N AL VECINO<\/h2><p class=\"uagb-desc-text\"><br> <br><strong>OFRECEMOS UN SERVICIO INTEGRAL, PONIENDO A SU DISPOSICI\u00d3N LA ESTRUCTURA DE LA EMPRESA QUE ABARCA UN SEGUIMIENTO DIARIO, SEG\u00daN LAS NECESIDADES ESPECIFICAS, DESIGNANDO A UN PROFESIONISTA CON EXPERIENCIA, <br>QUIEN ESTAR\u00c1 A CARGO DEL BUEN FUNCIONAMIENTO DEL CONDOMINIO.<\/strong><\/p><\/div>\n<\/div>\n<\/div>\n<\/div>\n<\/div>\n<\/div><\/div>\n\n\n\n<div class=\"wp-block-uagb-container uagb-block-06084bfd alignfull uagb-is-root-container\"><div class=\"uagb-container-inner-blocks-wrap\">\n<div class=\"wp-block-uagb-container uagb-block-8e274639\">\n<div class=\"wp-block-columns is-layout-flex wp-container-7\">\n<div class=\"wp-block-column is-layout-flow\" style=\"flex-basis:100%\">\n<div class=\"wp-block-uagb-container uagb-block-9669e2eb\">\n<div class=\"wp-block-uagb-advanced-heading uagb-block-5957e25f\"><h2 class=\"uagb-heading-text\">TRANSPARENCIA<\/h2><p class=\"uagb-desc-text\"><br> <br><strong>CONTAMOS CON POLITICAS DE SEGURIDAD PARA EL MANEJO DE LAS CUENTAS DE BANCO, SIEMPRE EN CONJUNTO CON MESA DIRECTIVA Y\/O MESA DE VIGILANCIA.  DE IGUAL MANERA  SOLICITAMOS LA AUDITORIA CONSTANTE DE NUESTRA GESTI\u00d3N, ES NUESTRA PRIORIDAD RATIFICAR SU CONFIANZA. <\/strong><\/p><\/div>\n<\/div>\n<\/div>\n<\/div>\n<\/div>\n<\/div><\/div>\n\n\n\n<div class=\"wp-block-uagb-container uagb-block-8b16aee4 alignfull uagb-is-root-container\"><div class=\"uagb-container-inner-blocks-wrap\">\n<div class=\"wp-block-uagb-container uagb-block-8629d99e\">\n<div class=\"wp-block-columns is-layout-flex wp-container-9\">\n<div class=\"wp-block-column is-layout-flow\" style=\"flex-basis:100%\">\n<div class=\"wp-block-uagb-container uagb-block-976a0802\">\n<div class=\"wp-block-uagb-advanced-heading uagb-block-49f71c01\"><h2 class=\"uagb-heading-text\">ASESORIA LEGAL<\/h2><p class=\"uagb-desc-text\"><br> <br><strong>CONTAMOS CON UN DEPARTAMENTO LEGAL, ENCARGADO DE ASESORAR EN TODO MOMENTO A LOS CONDOMINOS EN EL PROCESO DE CONSTITUCI\u00d3N DE LAS A.C. BRINDAMOS ASESORIA RELATIVA A LOS DERECHOS DE LOS CONDOMINOS, NOS ENCARGAMOS DE LAS ASAMBLEAS, ELABORACI\u00d3N DE MINUTAS Y RESOLUCI\u00d3N DE CONFLICTOS. <\/strong><\/p><\/div>\n<\/div>\n<\/div>\n<\/div>\n<\/div>\n<\/div><\/div>\n\n\n\n<div class=\"wp-block-uagb-container uagb-block-5206b927 alignfull uagb-is-root-container\"><div class=\"uagb-container-inner-blocks-wrap\">\n<div class=\"wp-block-uagb-container uagb-block-115739a3\">\n<div class=\"wp-block-uagb-container uagb-block-ecf76848\">\n<div class=\"wp-block-uagb-advanced-heading uagb-block-e7ac8cd2\"><h3 class=\"uagb-heading-text\">SEGURIDAD<\/h3><p class=\"uagb-desc-text\"><strong>HOY D\u00cdA LA SEGURIDAD ES MUY IMPORTANTE, ES POR ELLO QUE SOMOS COADYUVANTES EN ESTE TEMA, FUNGIENDO COMO UN MONITOR DE LA EMPRESA ENCARGADA DE LA SEGURIDAD, IMPLEMENTANDO ESTRICTOS PROTOCOLOS DE CONTROL<\/strong>.<\/p><\/div>\n<\/div>\n\n\n\n<div class=\"wp-block-uagb-container uagb-block-b4c860e5\">\n<div data-aos= \"fade-down\" data-aos-duration=\"400\" data-aos-delay=\"0\" data-aos-easing=\"ease\" data-aos-once=\"true\" class=\"wp-block-uagb-image alignright uagb-block-eed81b59 wp-block-uagb-image--layout-default wp-block-uagb-image--effect-static wp-block-uagb-image--align-right\"><figure class=\"wp-block-uagb-image__figure\"><img decoding=\"async\" srcset=\"https:\/\/fortunacondominal.com\/wp-content\/uploads\/2023\/07\/gestion-de-personal.jpg , https:\/\/fortunacondominal.com\/wp-content\/uploads\/2023\/07\/gestion-de-personal.jpg 360w\" sizes=\"(max-width: 480px) 150px\" src=\"https:\/\/fortunacondominal.com\/wp-content\/uploads\/2023\/07\/gestion-de-personal.jpg\" alt=\"\" class=\"uag-image-25755\" width=\"724\" height=\"483\" title=\"\" loading=\"lazy\"\/><\/figure><\/div>\n<\/div>\n<\/div>\n\n\n\n<div class=\"wp-block-uagb-container uagb-block-90cdac11\">\n<div class=\"wp-block-uagb-container uagb-block-d98c201d\">\n<div data-aos= \"fade-down\" data-aos-duration=\"400\" data-aos-delay=\"0\" data-aos-easing=\"ease\" data-aos-once=\"true\" class=\"wp-block-uagb-image alignleft uagb-block-e898ea09 wp-block-uagb-image--layout-default wp-block-uagb-image--effect-static wp-block-uagb-image--align-left\"><figure class=\"wp-block-uagb-image__figure\"><img decoding=\"async\" srcset=\"https:\/\/fortunacondominal.com\/wp-content\/uploads\/2023\/07\/codigo-datos-argentina-banner-1-2-1024x647.jpg , https:\/\/fortunacondominal.com\/wp-content\/uploads\/2023\/07\/codigo-datos-argentina-banner-1-2-1024x647.jpg 360w\" sizes=\"(max-width: 480px) 150px\" src=\"https:\/\/fortunacondominal.com\/wp-content\/uploads\/2023\/07\/codigo-datos-argentina-banner-1-2-1024x647.jpg\" alt=\"\" class=\"uag-image-25756\" width=\"1024\" height=\"647\" title=\"\" loading=\"lazy\"\/><\/figure><\/div>\n<\/div>\n\n\n\n<div class=\"wp-block-uagb-container uagb-block-2cc999ed\">\n<div class=\"wp-block-uagb-call-to-action uagb-block-b759f42b wp-block-button\"><div class=\"uagb-cta__wrap\"><h3 class=\"uagb-cta__title\">SOFTWARE ESPECIALIZADO<\/h3><p class=\"uagb-cta__desc\"><strong>MANEJAMOS UN SOFTWARE ESPECIALIZADO QUE SE AJUSTA A LAS NECESIDADES DE TU CONDOMINIO, PLAZA O EDIFICIO. <\/strong><\/p><\/div><div class=\"uagb-cta__buttons\"><a href=\"\/\/fortunacondominal.com\/index.php\/all-courses\/\" class=\"uagb-cta__button-link-wrapper wp-block-button__link\" target=\"_self\" rel=\"noopener noreferrer\">Conoce m\u00e1s <\/a><\/div><\/div>\n<\/div>\n<\/div>\n<\/div><\/div>\n","protected":false},"excerpt":{"rendered":"<p>ADMINISTRACI\u00d3N DE CONDOMINIOS ATENCI\u00d3N AL VECINO OFRECEMOS UN SERVICIO INTEGRAL, PONIENDO A SU DISPOSICI\u00d3N LA ESTRUCTURA DE LA EMPRESA QUE ABARCA UN SEGUIMIENTO DIARIO, SEG\u00daN LAS NECESIDADES ESPECIFICAS, DESIGNANDO A UN PROFESIONISTA CON EXPERIENCIA, QUIEN ESTAR\u00c1 A CARGO DEL BUEN FUNCIONAMIENTO DEL CONDOMINIO. TRANSPARENCIA CONTAMOS CON POLITICAS DE SEGURIDAD PARA EL MANEJO DE LAS CUENTAS &hellip;<\/p>\n<p class=\"read-more\"> <a class=\"\" href=\"https:\/\/fortunacondominal.com\/index.php\/about\/\"> <span class=\"screen-reader-text\">ADMINISTRACI\u00d3N DE CONDOMINIOS<\/span> Leer m\u00e1s &raquo;<\/a><\/p>\n","protected":false},"author":1,"featured_media":0,"parent":0,"menu_order":0,"comment_status":"closed","ping_status":"closed","template":"","meta":{"_uag_custom_page_level_css":"","_monsterinsights_skip_tracking":false,"_monsterinsights_sitenote_active":false,"_monsterinsights_sitenote_note":"","_monsterinsights_sitenote_category":0,"site-sidebar-layout":"default","site-content-layout":"plain-container","ast-global-header-display":"","ast-banner-title-visibility":"","ast-main-header-display":"","ast-hfb-above-header-display":"","ast-hfb-below-header-display":"","ast-hfb-mobile-header-display":"","site-post-title":"disabled","ast-breadcrumbs-content":"","ast-featured-img":"","footer-sml-layout":"","theme-transparent-header-meta":"default","adv-header-id-meta":"","stick-header-meta":"","header-above-stick-meta":"","header-main-stick-meta":"","header-below-stick-meta":""},"aioseo_notices":[],"uagb_featured_image_src":{"full":false,"thumbnail":false,"medium":false,"medium_large":false,"large":false,"1536x1536":false,"2048x2048":false},"uagb_author_info":{"display_name":"fortunacondominal.com","author_link":"https:\/\/fortunacondominal.com\/index.php\/author\/fortunacondominal-com\/"},"uagb_comment_info":0,"uagb_excerpt":"ADMINISTRACI\u00d3N DE CONDOMINIOS ATENCI\u00d3N AL VECINO OFRECEMOS UN SERVICIO INTEGRAL, PONIENDO A SU DISPOSICI\u00d3N LA ESTRUCTURA DE LA EMPRESA QUE ABARCA UN SEGUIMIENTO DIARIO, SEG\u00daN LAS NECESIDADES ESPECIFICAS, DESIGNANDO A UN PROFESIONISTA CON EXPERIENCIA, QUIEN ESTAR\u00c1 A CARGO DEL BUEN FUNCIONAMIENTO DEL CONDOMINIO. TRANSPARENCIA CONTAMOS CON POLITICAS DE SEGURIDAD PARA EL MANEJO DE LAS CUENTAS&hellip;","_links":{"self":[{"href":"https:\/\/fortunacondominal.com\/index.php\/wp-json\/wp\/v2\/pages\/24368"}],"collection":[{"href":"https:\/\/fortunacondominal.com\/index.php\/wp-json\/wp\/v2\/pages"}],"about":[{"href":"https:\/\/fortunacondominal.com\/index.php\/wp-json\/wp\/v2\/types\/page"}],"author":[{"embeddable":true,"href":"https:\/\/fortunacondominal.com\/index.php\/wp-json\/wp\/v2\/users\/1"}],"replies":[{"embeddable":true,"href":"https:\/\/fortunacondominal.com\/index.php\/wp-json\/wp\/v2\/comments?post=24368"}],"version-history":[{"count":21,"href":"https:\/\/fortunacondominal.com\/index.php\/wp-json\/wp\/v2\/pages\/24368\/revisions"}],"predecessor-version":[{"id":26035,"href":"https:\/\/fortunacondominal.com\/index.php\/wp-json\/wp\/v2\/pages\/24368\/revisions\/26035"}],"wp:attachment":[{"href":"https:\/\/fortunacondominal.com\/index.php\/wp-json\/wp\/v2\/media?parent=24368"}],"curies":[{"name":"wp","href":"https:\/\/api.w.org\/{rel}","templated":true}]}}