{"id":24366,"date":"2020-10-22T09:35:11","date_gmt":"2020-10-22T09:35:11","guid":{"rendered":"https:\/\/fortunacondominal.com\/index.php\/all-courses\/"},"modified":"2026-02-26T17:35:59","modified_gmt":"2026-02-26T17:35:59","slug":"all-courses","status":"publish","type":"page","link":"https:\/\/fortunacondominal.com\/index.php\/all-courses\/","title":{"rendered":"SOFTWARE ESPECIALIZADO"},"content":{"rendered":"\n<div class=\"wp-block-uagb-container uagb-block-661e8b8e alignfull uagb-is-root-container\"><div class=\"uagb-container-inner-blocks-wrap\">\n<h2 class=\"wp-block-heading\">SOFTWARE ESPECIALIZADO<\/h2>\n\n\n\n<div class=\"wp-block-uagb-advanced-heading uagb-block-6edee101\"><h4 class=\"uagb-heading-text\">Optimizamos la administraci\u00f3n y la comunicaci\u00f3n con los usuarios a trav\u00e9s de sistemas tecnol\u00f3gicos que nos permiten agilizar procesos.<\/h4><\/div>\n\n\n\n<p><\/p>\n<\/div><\/div>\n\n\n\n<figure class=\"wp-block-image aligncenter size-large\"><img decoding=\"async\" loading=\"lazy\" width=\"1024\" height=\"324\" src=\"https:\/\/fortunacondominal.com\/wp-content\/uploads\/2023\/07\/SOFTWARE2-3-1024x324.png\" alt=\"\" class=\"wp-image-25807\" srcset=\"https:\/\/fortunacondominal.com\/wp-content\/uploads\/2023\/07\/SOFTWARE2-3-1024x324.png 1024w, https:\/\/fortunacondominal.com\/wp-content\/uploads\/2023\/07\/SOFTWARE2-3-300x95.png 300w, https:\/\/fortunacondominal.com\/wp-content\/uploads\/2023\/07\/SOFTWARE2-3-768x243.png 768w, https:\/\/fortunacondominal.com\/wp-content\/uploads\/2023\/07\/SOFTWARE2-3.png 1078w\" sizes=\"(max-width: 1024px) 100vw, 1024px\" \/><\/figure>\n\n\n\n<figure class=\"wp-block-image aligncenter size-large is-resized\"><img decoding=\"async\" loading=\"lazy\" src=\"https:\/\/fortunacondominal.com\/wp-content\/uploads\/2023\/07\/SOFTWARE3-1024x324.png\" alt=\"\" class=\"wp-image-25806\" width=\"1024\" height=\"324\" srcset=\"https:\/\/fortunacondominal.com\/wp-content\/uploads\/2023\/07\/SOFTWARE3-1024x324.png 1024w, https:\/\/fortunacondominal.com\/wp-content\/uploads\/2023\/07\/SOFTWARE3-300x95.png 300w, https:\/\/fortunacondominal.com\/wp-content\/uploads\/2023\/07\/SOFTWARE3-768x243.png 768w, https:\/\/fortunacondominal.com\/wp-content\/uploads\/2023\/07\/SOFTWARE3.png 1078w\" sizes=\"(max-width: 1024px) 100vw, 1024px\" \/><\/figure>\n\n\n\n<figure class=\"wp-block-image aligncenter size-large\"><img decoding=\"async\" loading=\"lazy\" width=\"1024\" height=\"324\" src=\"https:\/\/fortunacondominal.com\/wp-content\/uploads\/2023\/07\/SOFTWARE-4-1024x324.png\" alt=\"\" class=\"wp-image-25810\" srcset=\"https:\/\/fortunacondominal.com\/wp-content\/uploads\/2023\/07\/SOFTWARE-4-1024x324.png 1024w, https:\/\/fortunacondominal.com\/wp-content\/uploads\/2023\/07\/SOFTWARE-4-300x95.png 300w, https:\/\/fortunacondominal.com\/wp-content\/uploads\/2023\/07\/SOFTWARE-4-768x243.png 768w, https:\/\/fortunacondominal.com\/wp-content\/uploads\/2023\/07\/SOFTWARE-4.png 1078w\" sizes=\"(max-width: 1024px) 100vw, 1024px\" \/><\/figure>\n\n\n\n<figure class=\"wp-block-image aligncenter size-large\"><img decoding=\"async\" loading=\"lazy\" width=\"1024\" height=\"324\" src=\"https:\/\/fortunacondominal.com\/wp-content\/uploads\/2023\/07\/SOFTWARE-5-1024x324.png\" alt=\"\" class=\"wp-image-25813\" srcset=\"https:\/\/fortunacondominal.com\/wp-content\/uploads\/2023\/07\/SOFTWARE-5-1024x324.png 1024w, https:\/\/fortunacondominal.com\/wp-content\/uploads\/2023\/07\/SOFTWARE-5-300x95.png 300w, https:\/\/fortunacondominal.com\/wp-content\/uploads\/2023\/07\/SOFTWARE-5-768x243.png 768w, https:\/\/fortunacondominal.com\/wp-content\/uploads\/2023\/07\/SOFTWARE-5.png 1078w\" sizes=\"(max-width: 1024px) 100vw, 1024px\" \/><\/figure>\n","protected":false},"excerpt":{"rendered":"<p>SOFTWARE ESPECIALIZADO Optimizamos la administraci\u00f3n y la comunicaci\u00f3n con los usuarios a trav\u00e9s de sistemas tecnol\u00f3gicos que nos permiten agilizar procesos.<\/p>\n","protected":false},"author":1,"featured_media":0,"parent":0,"menu_order":0,"comment_status":"closed","ping_status":"closed","template":"","meta":{"_uag_custom_page_level_css":"","_monsterinsights_skip_tracking":false,"_monsterinsights_sitenote_active":false,"_monsterinsights_sitenote_note":"","_monsterinsights_sitenote_category":0,"site-sidebar-layout":"no-sidebar","site-content-layout":"plain-container","ast-global-header-display":"","ast-banner-title-visibility":"","ast-main-header-display":"","ast-hfb-above-header-display":"","ast-hfb-below-header-display":"","ast-hfb-mobile-header-display":"","site-post-title":"disabled","ast-breadcrumbs-content":"","ast-featured-img":"","footer-sml-layout":"","theme-transparent-header-meta":"default","adv-header-id-meta":"","stick-header-meta":"","header-above-stick-meta":"","header-main-stick-meta":"","header-below-stick-meta":""},"aioseo_notices":[],"uagb_featured_image_src":{"full":false,"thumbnail":false,"medium":false,"medium_large":false,"large":false,"1536x1536":false,"2048x2048":false},"uagb_author_info":{"display_name":"fortunacondominal.com","author_link":"https:\/\/fortunacondominal.com\/index.php\/author\/fortunacondominal-com\/"},"uagb_comment_info":0,"uagb_excerpt":"SOFTWARE ESPECIALIZADO Optimizamos la administraci\u00f3n y la comunicaci\u00f3n con los usuarios a trav\u00e9s de sistemas tecnol\u00f3gicos que nos permiten agilizar procesos.","_links":{"self":[{"href":"https:\/\/fortunacondominal.com\/index.php\/wp-json\/wp\/v2\/pages\/24366"}],"collection":[{"href":"https:\/\/fortunacondominal.com\/index.php\/wp-json\/wp\/v2\/pages"}],"about":[{"href":"https:\/\/fortunacondominal.com\/index.php\/wp-json\/wp\/v2\/types\/page"}],"author":[{"embeddable":true,"href":"https:\/\/fortunacondominal.com\/index.php\/wp-json\/wp\/v2\/users\/1"}],"replies":[{"embeddable":true,"href":"https:\/\/fortunacondominal.com\/index.php\/wp-json\/wp\/v2\/comments?post=24366"}],"version-history":[{"count":8,"href":"https:\/\/fortunacondominal.com\/index.php\/wp-json\/wp\/v2\/pages\/24366\/revisions"}],"predecessor-version":[{"id":26044,"href":"https:\/\/fortunacondominal.com\/index.php\/wp-json\/wp\/v2\/pages\/24366\/revisions\/26044"}],"wp:attachment":[{"href":"https:\/\/fortunacondominal.com\/index.php\/wp-json\/wp\/v2\/media?parent=24366"}],"curies":[{"name":"wp","href":"https:\/\/api.w.org\/{rel}","templated":true}]}}